{"id":8935,"date":"2021-11-09T04:52:21","date_gmt":"2021-11-09T03:52:21","guid":{"rendered":"https:\/\/letrat.eu\/?page_id=8935"},"modified":"2025-09-13T07:37:35","modified_gmt":"2025-09-13T06:37:35","slug":"info","status":"publish","type":"page","link":"https:\/\/letrat.eu\/?page_id=8935","title":{"rendered":"[ Info ]"},"content":{"rendered":"<p>[ <strong>Lidhur me p\u00ebrmbajtjen&#8230;<\/strong> ]<\/p>\n<p>\u2026materiale t\u00eb vjetra (dhe aso m\u00eb t\u00eb reja) arkivuar \u201cgrumbull\u201d nga gjithandej, nga kudo q\u00eb jan\u00eb ruajtur e \u201cgjetur\u201d; nga emailat, nga dosje \u201coffline\u201d\u2026 por kryesisht ashtu si\u00e7 ishin t\u00eb postuara n\u00eb Facebook (koh\u00ebt e fundit, 3-4 vitet e fundit), pra \u201cflet\u00eb\u201d me sh\u00ebnime, me vjersha, skica, poezi, komente, v\u00ebshtrime, opinione, impresione etj etj. e madje dhe gj\u00ebrash kot : ) flet\u00eb shkap\u00ebrdar\u00eb gjithandej nj\u00ebmend\u00ebsis\u00eb e askund\u00ebsis\u00eb \u2013 andaj sa i p\u00ebrket koh\u00ebs (datave) kur jan\u00eb shkruar, vizitori eventual duhet ta ket\u00eb p\u00ebr zem\u00ebr faktin q\u00eb s\u2019ka ndonj\u00eb \u201ckoherenc\u00eb kohore\u201d a p\u00ebrputhje me renditjen (k\u00ebtu n\u00eb faqe) \u2013 gjithsesi, jan\u00eb sistemuar pakashum\u00eb sipas p\u00ebrmbajtjes n\u00ebp\u00ebr kategorit\u00eb, kategorizimi p\u00ebr disa gj\u00ebra mbase s\u2019\u00ebsht\u00eb dhe aq i sakt\u00eb, por si t\u00ebr\u00ebsi e ndihmon navigimin sadopak\u2026<\/p>\n<p>\u2026natyrisht, do shtohen dhe mjaft gj\u00ebra t\u00eb tjera, ka ngelur dhe shum\u00e7ka p\u00ebr t\u2019u \u201cgjetur\u201d (gj\u00ebra hedhur n\u00eb let\u00ebr nga un\u00eb gjat\u00eb viteve, ndonj\u00ebher\u00eb dhe idesh kot), \u00ebsht\u00eb supozuar q\u00eb faqet internetike t\u00eb plot\u00ebsohen rregullisht, \u00ebsht\u00eb supozuar q\u00eb vullneti p\u00ebr ekspozimin e kreativitetit t\u2019jet\u00eb i pashtersh\u00ebm, \u00ebsht\u00eb supozuar q\u00eb qasja me blog-faqet t\u2019jet\u00eb sistematike, do ishte mir\u00eb q\u00eb sh\u00ebnimet tua, \u201cflet\u00ebzat kreative e diskursive\u201d t\u2019jen\u00eb t\u00eb sistemuara n\u00eb nj\u00eb vend, ta ken\u00eb form\u00ebn e nj\u00eb fletoreje \u201ckompakte\u201d, tekefundit dhe vet\u00ebm sa p\u00ebr vete ta kesh iden\u00eb, p\u00ebr t\u2019i gjetur m\u00eb leht\u00eb \u2013 k\u00ebshtu pata menduar (madje pata ekzagjeruar n\u00eb Fb duke th\u00ebn\u00eb se \u201cars poetica\u201d, ashtu si nuse-bukurushe me faqet \u00e7ubardhake, padyshim do t\u2019b\u00ebhet di\u00e7 si \u201cmiss-fletorja\u201d e Internetit : )<\/p>\n<p><em>(shfletim t\u00eb k\u00ebndsh\u00ebm, faleminderit p\u00ebr vizit\u00ebn tuaj &#8211; senad guraziu)<\/em><\/p>\n<p>&nbsp;<\/p>\n<p>[ <strong>About the content<\/strong>&#8230; ]<\/p>\n<p>&#8230;older materials (here and there also newer ones) archived &#8220;in batch&#8221; from wherever they were stored or &#8220;found&#8221;; from emails, from &#8220;offline&#8221; folders&#8230; but mostly as they were posted on Facebook (lately, the last 3-4 years), so it&#8217;s about &#8220;loose pages&#8221; with notes, sketches, poems, comments, insights, opinions, impressions etc etc. and perhaps even worthless things : ) scattered all over the reality and, at the same time, nowhere &#8211; so concerning the dates when they were written, the eventual visitor must bear in mind that there&#8217;s no &#8220;time-coherence&#8221; or order (here, as published) with dates of creation &#8211; anyways, more or less the posts are sorted by category content, the categorization of some things may not be as accurate, but as a whole it helps the navigation a bit\u2026<\/p>\n<p>&#8230; of course, many more things will be added, there is much left to be &#8220;found&#8221; (notes put on paper by me through the years, sometimes maybe also &#8220;nowhere ideas&#8221; but hey&#8230; ), Internet pages are supposed to be continuously updated, the will to showcase our creativity is supposed to be inexhaustible, the systematic blog-approach also is assumed, it would be nice for your notes, for the &#8220;creative and discursive loose pages&#8221; to be stacked in one place, to have kinda the form of a &#8220;compact notebook&#8221;, at the very least, just for the idea of helping yourself in \u200b\u200bfinding things easier &#8211; this is how I was thinking (I even exaggerated on Fb saying that &#8220;ars poetica&#8221;, with such winsome snow white pages, definitely will become something like &#8220;miss notebook&#8221; of the Internet : )<\/p>\n<p><em>(pleasant browsing, thank you for your visit \u2013 senad guraziu)<\/em><\/p>\n<p>&nbsp;<br \/>\n<span style=\"color: #999999;\">&#8230;what Ars Poetica is, it&#8217;s almost indescribable, but of course I could borrow something &#8211; here the best &#8220;description&#8221; ever, the most beautiful description, it&#8217;s like she &#8220;stole&#8221; my words : )<\/span><\/p>\n<p>&#8220;&#8230;a living faith, an active faith, a faith of verbs: to question, explore, experiment, experience, walk, run, dance, play, eat, love, learn, dare, taste, touch, smell, listen, argue, speak, write, read, draw, provoke, emote, scream, sin, repent, cry, kneel, pray, bow, rise, stand, look, laugh, cajole, create, confront, confound, walk back, walk forward, circle, hide, and seek. To seek: to embrace the questions, be wary of answers.&#8221; &#8211; [ <em>Terry Tempest Williams, an American writer and activist<\/em> ]<\/p>\n<p>&nbsp;<\/p>\n","protected":false},"excerpt":{"rendered":"<p>[ Lidhur me p\u00ebrmbajtjen&#8230; ] \u2026materiale t\u00eb vjetra (dhe aso m\u00eb t\u00eb reja) arkivuar \u201cgrumbull\u201d nga gjithandej, nga kudo q\u00eb jan\u00eb ruajtur e \u201cgjetur\u201d; nga emailat, nga dosje \u201coffline\u201d\u2026 por kryesisht ashtu si\u00e7 ishin t\u00eb postuara n\u00eb Facebook (koh\u00ebt e&hellip; <a href=\"https:\/\/letrat.eu\/?page_id=8935\" class=\"more-link\">Lexo <span class=\"meta-nav\">&rarr;<\/span><\/a><\/p>\n","protected":false},"author":1,"featured_media":0,"parent":0,"menu_order":25,"comment_status":"closed","ping_status":"closed","template":"","meta":{"footnotes":""},"class_list":["post-8935","page","type-page","status-publish","hentry"],"_links":{"self":[{"href":"https:\/\/letrat.eu\/index.php?rest_route=\/wp\/v2\/pages\/8935","targetHints":{"allow":["GET"]}}],"collection":[{"href":"https:\/\/letrat.eu\/index.php?rest_route=\/wp\/v2\/pages"}],"about":[{"href":"https:\/\/letrat.eu\/index.php?rest_route=\/wp\/v2\/types\/page"}],"author":[{"embeddable":true,"href":"https:\/\/letrat.eu\/index.php?rest_route=\/wp\/v2\/users\/1"}],"replies":[{"embeddable":true,"href":"https:\/\/letrat.eu\/index.php?rest_route=%2Fwp%2Fv2%2Fcomments&post=8935"}],"version-history":[{"count":0,"href":"https:\/\/letrat.eu\/index.php?rest_route=\/wp\/v2\/pages\/8935\/revisions"}],"wp:attachment":[{"href":"https:\/\/letrat.eu\/index.php?rest_route=%2Fwp%2Fv2%2Fmedia&parent=8935"}],"curies":[{"name":"wp","href":"https:\/\/api.w.org\/{rel}","templated":true}]}}